{"id":874,"date":"2022-12-13T10:43:23","date_gmt":"2022-12-13T10:43:23","guid":{"rendered":"https:\/\/toroenmaromado.es\/?page_id=874"},"modified":"2023-01-13T08:35:43","modified_gmt":"2023-01-13T08:35:43","slug":"galeria","status":"publish","type":"page","link":"https:\/\/toroenmaromado.es\/en\/galeria\/","title":{"rendered":"Gallery"},"content":{"rendered":"<div data-elementor-type=\"wp-page\" data-elementor-id=\"874\" class=\"elementor elementor-874\" data-elementor-post-type=\"page\">\n\t\t\t\t\t\t<section class=\"elementor-section elementor-top-section elementor-element elementor-element-5e3fc18 elementor-section-full_width elementor-section-height-default elementor-section-height-default\" data-id=\"5e3fc18\" data-element_type=\"section\" data-e-type=\"section\" id=\"cabecera\" data-settings=\"{&quot;background_background&quot;:&quot;classic&quot;,&quot;shape_divider_bottom&quot;:&quot;triangle&quot;,&quot;shape_divider_bottom_negative&quot;:&quot;yes&quot;}\">\n\t\t\t\t\t\t\t<div class=\"elementor-background-overlay\"><\/div>\n\t\t\t\t\t\t<div class=\"elementor-shape elementor-shape-bottom\" aria-hidden=\"true\" data-negative=\"true\">\n\t\t\t<svg xmlns=\"http:\/\/www.w3.org\/2000\/svg\" viewbox=\"0 0 1000 100\" preserveaspectratio=\"none\">\n\t<path class=\"elementor-shape-fill\" d=\"M500.2,94.7L0,0v100h1000V0L500.2,94.7z\"\/>\n<\/svg>\t\t<\/div>\n\t\t\t\t\t<div class=\"elementor-container elementor-column-gap-default\">\n\t\t\t\t\t<div class=\"elementor-column elementor-col-100 elementor-top-column elementor-element elementor-element-a6bff5f\" data-id=\"a6bff5f\" data-element_type=\"column\" data-e-type=\"column\">\n\t\t\t<div class=\"elementor-widget-wrap elementor-element-populated\">\n\t\t\t\t\t\t<div class=\"elementor-element elementor-element-3dae358 elementor-widget elementor-widget-heading\" data-id=\"3dae358\" data-element_type=\"widget\" data-e-type=\"widget\" data-widget_type=\"heading.default\">\n\t\t\t\t<div class=\"elementor-widget-container\">\n\t\t\t\t\t<h1 class=\"elementor-heading-title elementor-size-default\">GALLERY<\/h1>\t\t\t\t<\/div>\n\t\t\t\t<\/div>\n\t\t\t\t\t<\/div>\n\t\t<\/div>\n\t\t\t\t\t<\/div>\n\t\t<\/section>\n\t\t\t\t<section class=\"elementor-section elementor-top-section elementor-element elementor-element-3525d7c elementor-section-content-middle elementor-section-boxed elementor-section-height-default elementor-section-height-default\" data-id=\"3525d7c\" data-element_type=\"section\" data-e-type=\"section\">\n\t\t\t\t\t\t<div class=\"elementor-container elementor-column-gap-no\">\n\t\t\t\t\t<div class=\"elementor-column elementor-col-100 elementor-top-column elementor-element elementor-element-3bfa312\" data-id=\"3bfa312\" data-element_type=\"column\" data-e-type=\"column\">\n\t\t\t<div class=\"elementor-widget-wrap elementor-element-populated\">\n\t\t\t\t\t\t<div class=\"elementor-element elementor-element-04617a1 elementor-widget elementor-widget-text-editor\" data-id=\"04617a1\" data-element_type=\"widget\" data-e-type=\"widget\" data-widget_type=\"text-editor.default\">\n\t\t\t\t<div class=\"elementor-widget-container\">\n\t\t\t\t\t\t\t\t\t<p>Enjoy the best pictures of the Bull Enmaromado of Benavente.<\/p>\t\t\t\t\t\t\t\t<\/div>\n\t\t\t\t<\/div>\n\t\t\t\t\t<\/div>\n\t\t<\/div>\n\t\t\t\t\t<\/div>\n\t\t<\/section>\n\t\t\t\t<section class=\"elementor-section elementor-top-section elementor-element elementor-element-a51d4e1 elementor-section-full_width elementor-section-height-min-height elementor-section-stretched elementor-section-height-default elementor-section-items-middle\" data-id=\"a51d4e1\" data-element_type=\"section\" data-e-type=\"section\" data-settings=\"{&quot;stretch_section&quot;:&quot;section-stretched&quot;}\">\n\t\t\t\t\t\t\t<div class=\"elementor-background-overlay\"><\/div>\n\t\t\t\t\t\t\t<div class=\"elementor-container elementor-column-gap-no\">\n\t\t\t\t\t<div class=\"elementor-column elementor-col-100 elementor-top-column elementor-element elementor-element-1a6a042\" data-id=\"1a6a042\" data-element_type=\"column\" data-e-type=\"column\">\n\t\t\t<div class=\"elementor-widget-wrap elementor-element-populated\">\n\t\t\t\t\t\t<div class=\"elementor-element elementor-element-a4599c3 elementor-cta--valign-middle elementor-cta--skin-cover elementor-widget elementor-widget-call-to-action\" data-id=\"a4599c3\" data-element_type=\"widget\" data-e-type=\"widget\" data-widget_type=\"call-to-action.default\">\n\t\t\t\t<div class=\"elementor-widget-container\">\n\t\t\t\t\t\t\t<div class=\"elementor-cta\">\n\t\t\t\t\t<div class=\"elementor-cta__bg-wrapper\">\n\t\t\t\t<div class=\"elementor-cta__bg elementor-bg\" style=\"background-image: url(https:\/\/toroenmaromado.es\/wp-content\/uploads\/2022\/12\/Cartel2022-1-e1674040858233.jpg);\" role=\"img\" aria-label=\"Cartel 2022\"><\/div>\n\t\t\t\t<div class=\"elementor-cta__bg-overlay\"><\/div>\n\t\t\t<\/div>\n\t\t\t\t\t\t\t<div class=\"elementor-cta__content\">\n\t\t\t\t\n\t\t\t\t\t\t\t\t\t<h2 class=\"elementor-cta__title elementor-cta__content-item elementor-content-item\">\n\t\t\t\t\t\tPosters\t\t\t\t\t<\/h2>\n\t\t\t\t\n\t\t\t\t\t\t\t\t\t<div class=\"elementor-cta__description elementor-cta__content-item elementor-content-item\">\n\t\t\t\t\t\tPosters and programs of Parties of the Bull Enmaromado \n<br>from 1959 to the present.\t\t\t\t\t<\/div>\n\t\t\t\t\n\t\t\t\t\t\t\t\t\t<div class=\"elementor-cta__button-wrapper elementor-cta__content-item elementor-content-item\">\n\t\t\t\t\t<a class=\"elementor-cta__button elementor-button elementor-size-\" href=\"https:\/\/toroenmaromado.es\/en\/carteles\/\">\n\t\t\t\t\t\tLet&#039;s see it\t\t\t\t\t<\/a>\n\t\t\t\t\t<\/div>\n\t\t\t\t\t\t\t<\/div>\n\t\t\t\t\t\t<\/div>\n\t\t\t\t\t\t<\/div>\n\t\t\t\t<\/div>\n\t\t\t\t\t<\/div>\n\t\t<\/div>\n\t\t\t\t\t<\/div>\n\t\t<\/section>\n\t\t\t\t<section class=\"elementor-section elementor-top-section elementor-element elementor-element-884851c elementor-section-full_width elementor-section-height-min-height elementor-section-height-default elementor-section-items-middle\" data-id=\"884851c\" data-element_type=\"section\" data-e-type=\"section\">\n\t\t\t\t\t\t<div class=\"elementor-container elementor-column-gap-no\">\n\t\t\t\t\t<div class=\"elementor-column elementor-col-100 elementor-top-column elementor-element elementor-element-5f74354\" data-id=\"5f74354\" data-element_type=\"column\" data-e-type=\"column\">\n\t\t\t<div class=\"elementor-widget-wrap elementor-element-populated\">\n\t\t\t\t\t\t<div class=\"elementor-element elementor-element-1df6c79 elementor-cta--valign-middle elementor-cta--skin-cover elementor-widget elementor-widget-call-to-action\" data-id=\"1df6c79\" data-element_type=\"widget\" data-e-type=\"widget\" data-widget_type=\"call-to-action.default\">\n\t\t\t\t<div class=\"elementor-widget-container\">\n\t\t\t\t\t\t\t<div class=\"elementor-cta\">\n\t\t\t\t\t<div class=\"elementor-cta__bg-wrapper\">\n\t\t\t\t<div class=\"elementor-cta__bg elementor-bg\" style=\"background-image: url(https:\/\/toroenmaromado.es\/wp-content\/uploads\/2022\/12\/1975-SALIDADE-MACARENO-PRIMER-TORO-DEL-NUEVO-TORIL-MAROMA-VIEJA.jpg);\" role=\"img\" aria-label=\"Salida del Toro Macareno, 1975\"><\/div>\n\t\t\t\t<div class=\"elementor-cta__bg-overlay\"><\/div>\n\t\t\t<\/div>\n\t\t\t\t\t\t\t<div class=\"elementor-cta__content\">\n\t\t\t\t\n\t\t\t\t\t\t\t\t\t<h2 class=\"elementor-cta__title elementor-cta__content-item elementor-content-item\">\n\t\t\t\t\t\tHistory\t\t\t\t\t<\/h2>\n\t\t\t\t\n\t\t\t\t\t\t\t\t\t<div class=\"elementor-cta__description elementor-cta__content-item elementor-content-item\">\n\t\t\t\t\t\tThe Bull Enmaromado over the years.\t\t\t\t\t<\/div>\n\t\t\t\t\n\t\t\t\t\t\t\t\t\t<div class=\"elementor-cta__button-wrapper elementor-cta__content-item elementor-content-item\">\n\t\t\t\t\t<a class=\"elementor-cta__button elementor-button elementor-size-\" href=\"https:\/\/toroenmaromado.es\/en\/galeria\/fotos-historicas\/\">\n\t\t\t\t\t\tLet&#039;s see it\t\t\t\t\t<\/a>\n\t\t\t\t\t<\/div>\n\t\t\t\t\t\t\t<\/div>\n\t\t\t\t\t\t<\/div>\n\t\t\t\t\t\t<\/div>\n\t\t\t\t<\/div>\n\t\t\t\t\t<\/div>\n\t\t<\/div>\n\t\t\t\t\t<\/div>\n\t\t<\/section>\n\t\t\t\t<section class=\"elementor-section elementor-top-section elementor-element elementor-element-34afd53 elementor-section-full_width elementor-section-height-min-height elementor-section-stretched elementor-section-height-default elementor-section-items-middle\" data-id=\"34afd53\" data-element_type=\"section\" data-e-type=\"section\" data-settings=\"{&quot;stretch_section&quot;:&quot;section-stretched&quot;}\">\n\t\t\t\t\t\t<div class=\"elementor-container elementor-column-gap-no\">\n\t\t\t\t\t<div class=\"elementor-column elementor-col-100 elementor-top-column elementor-element elementor-element-af9baf2\" data-id=\"af9baf2\" data-element_type=\"column\" data-e-type=\"column\">\n\t\t\t<div class=\"elementor-widget-wrap elementor-element-populated\">\n\t\t\t\t\t\t<div class=\"elementor-element elementor-element-ad20026 elementor-cta--valign-middle elementor-cta--skin-cover elementor-widget elementor-widget-call-to-action\" data-id=\"ad20026\" data-element_type=\"widget\" data-e-type=\"widget\" data-widget_type=\"call-to-action.default\">\n\t\t\t\t<div class=\"elementor-widget-container\">\n\t\t\t\t\t\t\t<div class=\"elementor-cta\">\n\t\t\t\t\t<div class=\"elementor-cta__bg-wrapper\">\n\t\t\t\t<div class=\"elementor-cta__bg elementor-bg\" style=\"background-image: url(https:\/\/toroenmaromado.es\/wp-content\/uploads\/2022\/12\/285560866_391286773039043_1671106706530809568_n.jpg);\" role=\"img\" aria-label=\"Clubs and Associations\"><\/div>\n\t\t\t\t<div class=\"elementor-cta__bg-overlay\"><\/div>\n\t\t\t<\/div>\n\t\t\t\t\t\t\t<div class=\"elementor-cta__content\">\n\t\t\t\t\n\t\t\t\t\t\t\t\t\t<h2 class=\"elementor-cta__title elementor-cta__content-item elementor-content-item\">\n\t\t\t\t\t\tLas Pe\u00f1as\t\t\t\t\t<\/h2>\n\t\t\t\t\n\t\t\t\t\t\t\t\t\t<div class=\"elementor-cta__description elementor-cta__content-item elementor-content-item\">\n\t\t\t\t\t\tParades officers and all on the Rocks\n<br> Official del Toro Enmaromado.\t\t\t\t\t<\/div>\n\t\t\t\t\n\t\t\t\t\t\t\t\t\t<div class=\"elementor-cta__button-wrapper elementor-cta__content-item elementor-content-item\">\n\t\t\t\t\t<a class=\"elementor-cta__button elementor-button elementor-size-\" href=\"https:\/\/toroenmaromado.es\/en\/galeria\/las-penas\/\">\n\t\t\t\t\t\tLet&#039;s see it\t\t\t\t\t<\/a>\n\t\t\t\t\t<\/div>\n\t\t\t\t\t\t\t<\/div>\n\t\t\t\t\t\t<\/div>\n\t\t\t\t\t\t<\/div>\n\t\t\t\t<\/div>\n\t\t\t\t\t<\/div>\n\t\t<\/div>\n\t\t\t\t\t<\/div>\n\t\t<\/section>\n\t\t\t\t<section class=\"elementor-section elementor-top-section elementor-element elementor-element-ebee6a4 elementor-section-boxed elementor-section-height-default elementor-section-height-default\" data-id=\"ebee6a4\" data-element_type=\"section\" data-e-type=\"section\" data-settings=\"{&quot;background_background&quot;:&quot;classic&quot;}\">\n\t\t\t\t\t\t<div class=\"elementor-container elementor-column-gap-default\">\n\t\t\t\t\t<div class=\"elementor-column elementor-col-100 elementor-top-column elementor-element elementor-element-4e6e444\" data-id=\"4e6e444\" data-element_type=\"column\" data-e-type=\"column\">\n\t\t\t<div class=\"elementor-widget-wrap elementor-element-populated\">\n\t\t\t\t\t\t<div class=\"elementor-element elementor-element-a97ebe1 elementor-headline--style-highlight elementor-widget elementor-widget-animated-headline\" data-id=\"a97ebe1\" data-element_type=\"widget\" data-e-type=\"widget\" data-settings=\"{&quot;marker&quot;:&quot;underline&quot;,&quot;highlighted_text&quot;:&quot;contacta con nosotros.&quot;,&quot;headline_style&quot;:&quot;highlight&quot;,&quot;loop&quot;:&quot;yes&quot;,&quot;highlight_animation_duration&quot;:1200,&quot;highlight_iteration_delay&quot;:8000}\" data-widget_type=\"animated-headline.default\">\n\t\t\t\t<div class=\"elementor-widget-container\">\n\t\t\t\t\t\t\t\t<a href=\"https:\/\/www.benavente.es\/aytobenavente\" target=\"_blank\">\n\n\t\t\t\t\t<h3 class=\"elementor-headline\">\n\t\t\t\t\t<span class=\"elementor-headline-plain-text elementor-headline-text-wrapper\">Do you have Photos that you want to publish?<br> <\/span>\n\t\t\t\t<span class=\"elementor-headline-dynamic-wrapper elementor-headline-text-wrapper\">\n\t\t\t\t\t<span class=\"elementor-headline-dynamic-text elementor-headline-text-active\">contact us.<\/span>\n\t\t\t\t<\/span>\n\t\t\t\t<\/h3>\n\t\t<\/a>\t\t\t\t<\/div>\n\t\t\t\t<\/div>\n\t\t\t\t\t<\/div>\n\t\t<\/div>\n\t\t\t\t\t<\/div>\n\t\t<\/section>\n\t\t\t\t<\/div>","protected":false},"excerpt":{"rendered":"<p>GALER\u00cdA Disfruta de las mejores fotos del Toro Enmaromado de Benavente. Carteler\u00eda Carteles y programas de Fiestas del Toro Enmaromado desde 1959 hasta la actualidad. Vamos a verlo Historia El Toro Enmaromado a lo largo de los a\u00f1os. Vamos a verlo Las Pe\u00f1as Desfiles oficiales y todo sobre las Pe\u00f1as Oficiales del Toro Enmaromado. Vamos [&hellip;]<\/p>\n","protected":false},"author":1,"featured_media":3429,"parent":0,"menu_order":0,"comment_status":"closed","ping_status":"closed","template":"","meta":{"om_disable_all_campaigns":false,"_monsterinsights_skip_tracking":false,"_monsterinsights_sitenote_active":false,"_monsterinsights_sitenote_note":"","_monsterinsights_sitenote_category":0,"footnotes":""},"class_list":["post-874","page","type-page","status-publish","has-post-thumbnail","hentry"],"yoast_head":"<!-- This site is optimized with the Yoast SEO plugin v27.4 - https:\/\/yoast.com\/product\/yoast-seo-wordpress\/ -->\n<title>Galer\u00eda - Toro enmaromado<\/title>\n<meta name=\"description\" content=\"Galer\u00eda de im\u00e1genes y fotos del Toro Enmaromado de Benavente. Carteler\u00eda, fotos antiguas, fotos actuales, pe\u00f1as, asociaciones y mucho m\u00e1s.\" \/>\n<meta name=\"robots\" content=\"index, follow, max-snippet:-1, max-image-preview:large, max-video-preview:-1\" \/>\n<link rel=\"canonical\" href=\"https:\/\/toroenmaromado.es\/en\/galeria\/\" \/>\n<meta property=\"og:locale\" content=\"en_GB\" \/>\n<meta property=\"og:type\" content=\"article\" \/>\n<meta property=\"og:title\" content=\"Galer\u00eda - Toro enmaromado\" \/>\n<meta property=\"og:description\" content=\"Galer\u00eda de im\u00e1genes y fotos del Toro Enmaromado de Benavente. Carteler\u00eda, fotos antiguas, fotos actuales, pe\u00f1as, asociaciones y mucho m\u00e1s.\" \/>\n<meta property=\"og:url\" content=\"https:\/\/toroenmaromado.es\/en\/galeria\/\" \/>\n<meta property=\"og:site_name\" content=\"Toro enmaromado\" \/>\n<meta property=\"article:publisher\" content=\"https:\/\/www.facebook.com\/ayuntamientodebenavente\/\" \/>\n<meta property=\"article:modified_time\" content=\"2023-01-13T08:35:43+00:00\" \/>\n<meta property=\"og:image\" content=\"https:\/\/toroenmaromado.es\/wp-content\/uploads\/2022\/12\/Cartel2022-1.jpg\" \/>\n\t<meta property=\"og:image:width\" content=\"1400\" \/>\n\t<meta property=\"og:image:height\" content=\"2000\" \/>\n\t<meta property=\"og:image:type\" content=\"image\/jpeg\" \/>\n<meta name=\"twitter:card\" content=\"summary_large_image\" \/>\n<meta name=\"twitter:site\" content=\"@aytobenavente\" \/>\n<meta name=\"twitter:label1\" content=\"Estimated reading time\" \/>\n\t<meta name=\"twitter:data1\" content=\"1 minute\" \/>\n<script type=\"application\/ld+json\" class=\"yoast-schema-graph\">{\"@context\":\"https:\\\/\\\/schema.org\",\"@graph\":[{\"@type\":\"WebPage\",\"@id\":\"https:\\\/\\\/toroenmaromado.es\\\/galeria\\\/\",\"url\":\"https:\\\/\\\/toroenmaromado.es\\\/galeria\\\/\",\"name\":\"Galer\u00eda - Toro enmaromado\",\"isPartOf\":{\"@id\":\"https:\\\/\\\/toroenmaromado.es\\\/#website\"},\"primaryImageOfPage\":{\"@id\":\"https:\\\/\\\/toroenmaromado.es\\\/galeria\\\/#primaryimage\"},\"image\":{\"@id\":\"https:\\\/\\\/toroenmaromado.es\\\/galeria\\\/#primaryimage\"},\"thumbnailUrl\":\"https:\\\/\\\/toroenmaromado.es\\\/wp-content\\\/uploads\\\/2022\\\/12\\\/Cartel2022-1-e1674040858233.jpg\",\"datePublished\":\"2022-12-13T10:43:23+00:00\",\"dateModified\":\"2023-01-13T08:35:43+00:00\",\"description\":\"Galer\u00eda de im\u00e1genes y fotos del Toro Enmaromado de Benavente. Carteler\u00eda, fotos antiguas, fotos actuales, pe\u00f1as, asociaciones y mucho m\u00e1s.\",\"breadcrumb\":{\"@id\":\"https:\\\/\\\/toroenmaromado.es\\\/galeria\\\/#breadcrumb\"},\"inLanguage\":\"en-GB\",\"potentialAction\":[{\"@type\":\"ReadAction\",\"target\":[\"https:\\\/\\\/toroenmaromado.es\\\/galeria\\\/\"]}]},{\"@type\":\"ImageObject\",\"inLanguage\":\"en-GB\",\"@id\":\"https:\\\/\\\/toroenmaromado.es\\\/galeria\\\/#primaryimage\",\"url\":\"https:\\\/\\\/toroenmaromado.es\\\/wp-content\\\/uploads\\\/2022\\\/12\\\/Cartel2022-1-e1674040858233.jpg\",\"contentUrl\":\"https:\\\/\\\/toroenmaromado.es\\\/wp-content\\\/uploads\\\/2022\\\/12\\\/Cartel2022-1-e1674040858233.jpg\",\"width\":1400,\"height\":1170,\"caption\":\"Cartel 2022\"},{\"@type\":\"BreadcrumbList\",\"@id\":\"https:\\\/\\\/toroenmaromado.es\\\/galeria\\\/#breadcrumb\",\"itemListElement\":[{\"@type\":\"ListItem\",\"position\":1,\"name\":\"Portada\",\"item\":\"https:\\\/\\\/toroenmaromado.es\\\/\"},{\"@type\":\"ListItem\",\"position\":2,\"name\":\"Galer\u00eda\"}]},{\"@type\":\"WebSite\",\"@id\":\"https:\\\/\\\/toroenmaromado.es\\\/#website\",\"url\":\"https:\\\/\\\/toroenmaromado.es\\\/\",\"name\":\"Toro enmaromado\",\"description\":\"Web Oficial del Toro Enmaromado de Benavente\",\"publisher\":{\"@id\":\"https:\\\/\\\/toroenmaromado.es\\\/#organization\"},\"alternateName\":\"Toro enmaromado de Benavente\",\"potentialAction\":[{\"@type\":\"SearchAction\",\"target\":{\"@type\":\"EntryPoint\",\"urlTemplate\":\"https:\\\/\\\/toroenmaromado.es\\\/?s={search_term_string}\"},\"query-input\":{\"@type\":\"PropertyValueSpecification\",\"valueRequired\":true,\"valueName\":\"search_term_string\"}}],\"inLanguage\":\"en-GB\"},{\"@type\":\"Organization\",\"@id\":\"https:\\\/\\\/toroenmaromado.es\\\/#organization\",\"name\":\"Toro enmaromado\",\"alternateName\":\"Toro enmaromado de Benavente\",\"url\":\"https:\\\/\\\/toroenmaromado.es\\\/\",\"logo\":{\"@type\":\"ImageObject\",\"inLanguage\":\"en-GB\",\"@id\":\"https:\\\/\\\/toroenmaromado.es\\\/#\\\/schema\\\/logo\\\/image\\\/\",\"url\":\"https:\\\/\\\/toroenmaromado.es\\\/wp-content\\\/uploads\\\/2022\\\/12\\\/logoTEB-e1670580660196.png\",\"contentUrl\":\"https:\\\/\\\/toroenmaromado.es\\\/wp-content\\\/uploads\\\/2022\\\/12\\\/logoTEB-e1670580660196.png\",\"width\":197,\"height\":61,\"caption\":\"Toro enmaromado\"},\"image\":{\"@id\":\"https:\\\/\\\/toroenmaromado.es\\\/#\\\/schema\\\/logo\\\/image\\\/\"},\"sameAs\":[\"https:\\\/\\\/www.facebook.com\\\/ayuntamientodebenavente\\\/\",\"https:\\\/\\\/x.com\\\/aytobenavente\",\"https:\\\/\\\/www.instagram.com\\\/ayuntamientodebenavente\\\/\",\"https:\\\/\\\/www.linkedin.com\\\/company\\\/7076620\\\/admin\\\/\",\"https:\\\/\\\/www.youtube.com\\\/@ayuntamientobenavente2316\"]}]}<\/script>\n<!-- \/ Yoast SEO plugin. -->","yoast_head_json":{"title":"Galer\u00eda - Toro enmaromado","description":"Galer\u00eda de im\u00e1genes y fotos del Toro Enmaromado de Benavente. Carteler\u00eda, fotos antiguas, fotos actuales, pe\u00f1as, asociaciones y mucho m\u00e1s.","robots":{"index":"index","follow":"follow","max-snippet":"max-snippet:-1","max-image-preview":"max-image-preview:large","max-video-preview":"max-video-preview:-1"},"canonical":"https:\/\/toroenmaromado.es\/en\/galeria\/","og_locale":"en_GB","og_type":"article","og_title":"Galer\u00eda - Toro enmaromado","og_description":"Galer\u00eda de im\u00e1genes y fotos del Toro Enmaromado de Benavente. Carteler\u00eda, fotos antiguas, fotos actuales, pe\u00f1as, asociaciones y mucho m\u00e1s.","og_url":"https:\/\/toroenmaromado.es\/en\/galeria\/","og_site_name":"Toro enmaromado","article_publisher":"https:\/\/www.facebook.com\/ayuntamientodebenavente\/","article_modified_time":"2023-01-13T08:35:43+00:00","og_image":[{"width":1400,"height":2000,"url":"https:\/\/toroenmaromado.es\/wp-content\/uploads\/2022\/12\/Cartel2022-1.jpg","type":"image\/jpeg"}],"twitter_card":"summary_large_image","twitter_site":"@aytobenavente","twitter_misc":{"Estimated reading time":"1 minute"},"schema":{"@context":"https:\/\/schema.org","@graph":[{"@type":"WebPage","@id":"https:\/\/toroenmaromado.es\/galeria\/","url":"https:\/\/toroenmaromado.es\/galeria\/","name":"Galer\u00eda - Toro enmaromado","isPartOf":{"@id":"https:\/\/toroenmaromado.es\/#website"},"primaryImageOfPage":{"@id":"https:\/\/toroenmaromado.es\/galeria\/#primaryimage"},"image":{"@id":"https:\/\/toroenmaromado.es\/galeria\/#primaryimage"},"thumbnailUrl":"https:\/\/toroenmaromado.es\/wp-content\/uploads\/2022\/12\/Cartel2022-1-e1674040858233.jpg","datePublished":"2022-12-13T10:43:23+00:00","dateModified":"2023-01-13T08:35:43+00:00","description":"Galer\u00eda de im\u00e1genes y fotos del Toro Enmaromado de Benavente. Carteler\u00eda, fotos antiguas, fotos actuales, pe\u00f1as, asociaciones y mucho m\u00e1s.","breadcrumb":{"@id":"https:\/\/toroenmaromado.es\/galeria\/#breadcrumb"},"inLanguage":"en-GB","potentialAction":[{"@type":"ReadAction","target":["https:\/\/toroenmaromado.es\/galeria\/"]}]},{"@type":"ImageObject","inLanguage":"en-GB","@id":"https:\/\/toroenmaromado.es\/galeria\/#primaryimage","url":"https:\/\/toroenmaromado.es\/wp-content\/uploads\/2022\/12\/Cartel2022-1-e1674040858233.jpg","contentUrl":"https:\/\/toroenmaromado.es\/wp-content\/uploads\/2022\/12\/Cartel2022-1-e1674040858233.jpg","width":1400,"height":1170,"caption":"Cartel 2022"},{"@type":"BreadcrumbList","@id":"https:\/\/toroenmaromado.es\/galeria\/#breadcrumb","itemListElement":[{"@type":"ListItem","position":1,"name":"Portada","item":"https:\/\/toroenmaromado.es\/"},{"@type":"ListItem","position":2,"name":"Galer\u00eda"}]},{"@type":"WebSite","@id":"https:\/\/toroenmaromado.es\/#website","url":"https:\/\/toroenmaromado.es\/","name":"Toro enmaromado","description":"Web Oficial del Toro Enmaromado de Benavente","publisher":{"@id":"https:\/\/toroenmaromado.es\/#organization"},"alternateName":"Toro enmaromado de Benavente","potentialAction":[{"@type":"SearchAction","target":{"@type":"EntryPoint","urlTemplate":"https:\/\/toroenmaromado.es\/?s={search_term_string}"},"query-input":{"@type":"PropertyValueSpecification","valueRequired":true,"valueName":"search_term_string"}}],"inLanguage":"en-GB"},{"@type":"Organization","@id":"https:\/\/toroenmaromado.es\/#organization","name":"Toro enmaromado","alternateName":"Toro enmaromado de Benavente","url":"https:\/\/toroenmaromado.es\/","logo":{"@type":"ImageObject","inLanguage":"en-GB","@id":"https:\/\/toroenmaromado.es\/#\/schema\/logo\/image\/","url":"https:\/\/toroenmaromado.es\/wp-content\/uploads\/2022\/12\/logoTEB-e1670580660196.png","contentUrl":"https:\/\/toroenmaromado.es\/wp-content\/uploads\/2022\/12\/logoTEB-e1670580660196.png","width":197,"height":61,"caption":"Toro enmaromado"},"image":{"@id":"https:\/\/toroenmaromado.es\/#\/schema\/logo\/image\/"},"sameAs":["https:\/\/www.facebook.com\/ayuntamientodebenavente\/","https:\/\/x.com\/aytobenavente","https:\/\/www.instagram.com\/ayuntamientodebenavente\/","https:\/\/www.linkedin.com\/company\/7076620\/admin\/","https:\/\/www.youtube.com\/@ayuntamientobenavente2316"]}]}},"_links":{"self":[{"href":"https:\/\/toroenmaromado.es\/en\/wp-json\/wp\/v2\/pages\/874","targetHints":{"allow":["GET"]}}],"collection":[{"href":"https:\/\/toroenmaromado.es\/en\/wp-json\/wp\/v2\/pages"}],"about":[{"href":"https:\/\/toroenmaromado.es\/en\/wp-json\/wp\/v2\/types\/page"}],"author":[{"embeddable":true,"href":"https:\/\/toroenmaromado.es\/en\/wp-json\/wp\/v2\/users\/1"}],"replies":[{"embeddable":true,"href":"https:\/\/toroenmaromado.es\/en\/wp-json\/wp\/v2\/comments?post=874"}],"version-history":[{"count":0,"href":"https:\/\/toroenmaromado.es\/en\/wp-json\/wp\/v2\/pages\/874\/revisions"}],"wp:featuredmedia":[{"embeddable":true,"href":"https:\/\/toroenmaromado.es\/en\/wp-json\/wp\/v2\/media\/3429"}],"wp:attachment":[{"href":"https:\/\/toroenmaromado.es\/en\/wp-json\/wp\/v2\/media?parent=874"}],"curies":[{"name":"wp","href":"https:\/\/api.w.org\/{rel}","templated":true}]}}