{"id":460,"date":"2022-12-09T12:09:43","date_gmt":"2022-12-09T12:09:43","guid":{"rendered":"https:\/\/toroenmaromado.es\/?page_id=460"},"modified":"2024-12-12T08:29:50","modified_gmt":"2024-12-12T08:29:50","slug":"politica-de-privacidad","status":"publish","type":"page","link":"https:\/\/toroenmaromado.es\/en\/politica-de-privacidad\/","title":{"rendered":"Privacy policy"},"content":{"rendered":"<div data-elementor-type=\"wp-page\" data-elementor-id=\"460\" class=\"elementor elementor-460\" data-elementor-post-type=\"page\">\n\t\t\t\t\t\t<section class=\"elementor-section elementor-top-section elementor-element elementor-element-8582ccb elementor-section-boxed elementor-section-height-default elementor-section-height-default\" data-id=\"8582ccb\" data-element_type=\"section\" data-e-type=\"section\">\n\t\t\t\t\t\t<div class=\"elementor-container elementor-column-gap-default\">\n\t\t\t\t\t<div class=\"elementor-column elementor-col-100 elementor-top-column elementor-element elementor-element-098f591\" data-id=\"098f591\" data-element_type=\"column\" data-e-type=\"column\">\n\t\t\t<div class=\"elementor-widget-wrap elementor-element-populated\">\n\t\t\t\t\t\t<div class=\"elementor-element elementor-element-1d048cb elementor-widget elementor-widget-heading\" data-id=\"1d048cb\" data-element_type=\"widget\" data-e-type=\"widget\" data-widget_type=\"heading.default\">\n\t\t\t\t<div class=\"elementor-widget-container\">\n\t\t\t\t\t<h2 class=\"elementor-heading-title elementor-size-default\">Privacy policy<\/h2>\t\t\t\t<\/div>\n\t\t\t\t<\/div>\n\t\t\t\t\t<\/div>\n\t\t<\/div>\n\t\t\t\t\t<\/div>\n\t\t<\/section>\n\t\t\t\t<section class=\"elementor-section elementor-top-section elementor-element elementor-element-a0a4e43 elementor-section-boxed elementor-section-height-default elementor-section-height-default\" data-id=\"a0a4e43\" data-element_type=\"section\" data-e-type=\"section\">\n\t\t\t\t\t\t<div class=\"elementor-container elementor-column-gap-default\">\n\t\t\t\t\t<div class=\"elementor-column elementor-col-100 elementor-top-column elementor-element elementor-element-afaecce\" data-id=\"afaecce\" data-element_type=\"column\" data-e-type=\"column\">\n\t\t\t<div class=\"elementor-widget-wrap elementor-element-populated\">\n\t\t\t\t\t\t<div class=\"elementor-element elementor-element-a027e5e elementor-widget elementor-widget-text-editor\" data-id=\"a027e5e\" data-element_type=\"widget\" data-e-type=\"widget\" data-widget_type=\"text-editor.default\">\n\t\t\t\t<div class=\"elementor-widget-container\">\n\t\t\t\t\t\t\t\t\t<p>La Pol\u00edtica de Privacidad que a continuaci\u00f3n se ofrece tiene por objeto proporcionar a los usuarios web la informaci\u00f3n relativa al tratamiento de los datos personales que suministren a trav\u00e9s de la sede electr\u00f3nica y\/o del formulario de contacto habilitado en este sitio web.<\/p><p>Las medidas de seguridad implantadas para garantizar la seguridad de los datos de car\u00e1cter personal suministrados, se corresponden con las previstas en el Anexo II (medidas de seguridad) del Real Decreto 3\/2010, de 8 de enero, por el que se regula el Esquema Nacional de Seguridad en el \u00e1mbito de la Administraci\u00f3n Electr\u00f3nica y la Ley 11\/2007, de 22 de junio, de acceso electr\u00f3nico de los ciudadanos a los servicios p\u00fablicos.<\/p><p>En cumplimiento de lo establecido por el Reglamento (UE) 2016\/679, del Parlamento Europeo y del Consejo, de 27 de abril de 2016, relativo a la protecci\u00f3n de los datos de las personas f\u00edsicas en lo que respecta al tratamiento de datos personales y a la libre circulaci\u00f3n de estos datos, el Ayuntamiento de Benavente facilita la siguiente informaci\u00f3n a los usuarios de este sitio web:<\/p><p><strong>1. Responsable del tratamiento:<\/strong><\/p><p>EXCMO. AYUNTAMIENTO DE BENAVENTE<br \/>CIF: P4902300E<br \/>Domicilio: Plaza del Grano, 2-BENAVENTE (ZAMORA)<br \/>Tel\u00e9fono: 980 630 445<\/p><p><strong>Delegado de Protecci\u00f3n de Datos:<\/strong>\u00a0<\/p><p>PROFESSIONAL GROUP CONVERSIA, S.L.U<br \/>NIF: B17962655<br \/>Tel\u00e9fono: 980 630 445<\/p><p>Direcci\u00f3n de correo electr\u00f3nico del delegado de protecci\u00f3n de datos:\u00a0dpd@benavente.es<\/p><p><strong>2. Tratamiento de datos personales y obligatoriedad a suministrarlos:<\/strong><\/p><p>Siguiendo los principios de privacidad por defecto y minimizaci\u00f3n de datos, \u00fanicamente se solicitar\u00e1n los datos necesarios para llevar a cabo la finalidad para la cual se recaban, de manera que s\u00f3lo solicitaremos datos proporcionales y no excesivos a trav\u00e9s del formulario de contacto. La negativa por parte del usuario a proporcionar sus datos en dicho formulario o el suministro de datos incorrectos, impedir\u00e1 que este Ayuntamiento pueda atender su solicitud, sin perjuicio de que pueda visualizarse libremente el contenido del sitio web.<\/p><p>No obstante, le informamos que algunas de las funcionalidades de este sitio web permiten el almacenamiento de los datos relativos a su direcci\u00f3n IP o la ciudad a la que est\u00e1 asignada dicha direcci\u00f3n IP, as\u00ed como la geolocalizaci\u00f3n del dispositivo desde el cual se accede, mediante el servicio de anal\u00edtica web desarrollado por Google (Google Analytics), que permite el an\u00e1lisis de la navegaci\u00f3n en p\u00e1ginas web, por lo es conveniente se informe sobre la Pol\u00edtica de Privacidad de Google.<\/p><p><strong>3.\u00a0Finalidad y legitimaci\u00f3n para el tratamiento de sus datos personales:<\/strong><\/p><p>Los datos que usted facilite a trav\u00e9s del formulario de contacto, sede electr\u00f3nica y direcciones electr\u00f3nicas que pudieran ponerse a disposici\u00f3n en este sitio web, ser\u00e1n tratados con las siguientes finalidades:<\/p><p>1 )Gesti\u00f3n de consultas y tramitaci\u00f3n de solicitudes cursadas por los usuarios web.<\/p><p>2) Gesti\u00f3n de la navegaci\u00f3n del usuario a trav\u00e9s de la web (tratamiento de datos de cookies) sus datos se tratar\u00e1n conforme a la pol\u00edtica de cookies disponible en esta p\u00e1gina.<\/p><p>3) Control inform\u00e1tico de la p\u00e1gina web. Realizaremos actuaciones de control del uso de la p\u00e1gina web para prevenir y detectar cualquier utilizaci\u00f3n indebida.<\/p><p>4) Gesti\u00f3n de pagos online. A trav\u00e9s del sistema TPV virtual, puede realizar operaciones de pago on-line (excepto impuestos). El Ayuntamiento de BENAVENTE garantiza la seguridad de las operaciones de pago a trav\u00e9s de un servidor seguro, basado en el est\u00e1ndar SSL que protege los datos frente a intentos de violaci\u00f3n por terceros.<\/p><p>La BASE JUR\u00cdDICA que legitima el tratamiento de los datos para las finalidades anteriormente descritas es el consentimiento expreso otorgado por el usuario al aceptar la presente pol\u00edtica de protecci\u00f3n de datos, mediante la marcaci\u00f3n de la casilla correspondiente habilitada en el formulario de contacto y en el sistema virtual de pagos online. De igual modo, le informamos que en cumplimiento de lo establecido en el Reglamento europeo de protecci\u00f3n de datos, el Ayuntamiento de BENAVENTE ha elaborado el Registro de actividades de tratamiento, que recoge la base legal aplicable a cada actividad de tratamiento.\u00a0(VER REGISTRO DE ACTIVIDADES DE TRATAMIENTO)<\/p><p><strong>4.\u00a0Conservaci\u00f3n de los datos personales:<\/strong><\/p><p>El Ayuntamiento conservar\u00e1 sus datos personales durante no m\u00e1s tiempo del necesario para los fines del tratamiento correspondiente, salvo que deban conservarse con fines de archivo en inter\u00e9s p\u00fablico, fines de investigaci\u00f3n cient\u00edfica o hist\u00f3rica o fines estad\u00edsticos, y en todo caso, hasta que se haya cumplido el plazo de prescripci\u00f3n de posibles responsabilidades nacidas del tratamiento.<\/p><p><strong>5. Comunicaci\u00f3n de sus datos:<\/strong><\/p><p>No comunicaremos a terceros los datos personales recabados a trav\u00e9s de este sitio web, salvo a nuestros proveedores de hosting y de servicios tecnol\u00f3gicos. No obstante, si usted es miembro de una red social y hace clic sobre el enlace que ofrecemos en nuestro sitio web, el proveedor de la red social podr\u00e1 enlazar sus datos de perfil con la informaci\u00f3n en su visita a la web. Por tanto, es conveniente que se informe sobre las funciones y pol\u00edticas sobre el tratamiento de datos personales de la respectiva red social. Respecto a transferencias internacionales, le informamos que este Ayuntamiento no tiene previsto realizar transferencias de sus datos a otros pa\u00edses.<\/p><p><strong>6. Obtenci\u00f3n de los datos<\/strong><\/p><p>Los datos personales se han obtenido a trav\u00e9s de los formularios habilitados en este sitio web.<\/p><p><strong>7. Recogida de datos de menores<\/strong><\/p><p>El Ayuntamiento de Benavente no autoriza a los menores de 14 a\u00f1os a facilitar sus datos personales a trav\u00e9s de este sitio web sin el consentimiento de sus padres o tutores legales, que ser\u00e1n quienes asuman la responsabilidad de los actos realizados por el menor a su cargo.<\/p><p><strong>8. Revocaci\u00f3n del consentimiento<\/strong><\/p><p>El usuario puede desde este momento y en cualquier otro posterior retirar el consentimiento otorgado para el tratamiento de sus datos, mediante comunicaci\u00f3n dirigida a:\u00a0dpd@benavente.es\u00a0el cual no tendr\u00e1 en ning\u00fan caso efectos retroactivos.<\/p><p><strong>9. Derechos en protecci\u00f3n de datos<\/strong><\/p><p>El usuario web puede ejercitar, si lo desea, los derechos de acceso, rectificaci\u00f3n y supresi\u00f3n de datos, limitaci\u00f3n del tratamiento, portabilidad y oposici\u00f3n a trav\u00e9s de comunicaci\u00f3n dirigida al Delegado de Protecci\u00f3n de Datos cuyos datos figuran en esta web.<\/p><p>De igual modo, tiene derecho a presentar reclamaci\u00f3n ante la Agencia Espa\u00f1ola de Protecci\u00f3n de Datos si considera que se han vulnerado sus derechos en materia de protecci\u00f3n de datos personales.<\/p>\t\t\t\t\t\t\t\t<\/div>\n\t\t\t\t<\/div>\n\t\t\t\t\t<\/div>\n\t\t<\/div>\n\t\t\t\t\t<\/div>\n\t\t<\/section>\n\t\t\t\t<\/div>","protected":false},"excerpt":{"rendered":"<p>Pol\u00edtica de privacidad La Pol\u00edtica de Privacidad que a continuaci\u00f3n se ofrece tiene por objeto proporcionar a los usuarios web la informaci\u00f3n relativa al tratamiento de los datos personales que suministren a trav\u00e9s de la sede electr\u00f3nica y\/o del formulario de contacto habilitado en este sitio web. Las medidas de seguridad implantadas para garantizar la [&hellip;]<\/p>\n","protected":false},"author":1,"featured_media":0,"parent":0,"menu_order":0,"comment_status":"closed","ping_status":"closed","template":"","meta":{"om_disable_all_campaigns":false,"_monsterinsights_skip_tracking":false,"_monsterinsights_sitenote_active":false,"_monsterinsights_sitenote_note":"","_monsterinsights_sitenote_category":0,"footnotes":""},"class_list":["post-460","page","type-page","status-publish","hentry"],"yoast_head":"<!-- This site is optimized with the Yoast SEO plugin v27.5 - https:\/\/yoast.com\/product\/yoast-seo-wordpress\/ -->\n<title>Pol\u00edtica de privacidad - Toro enmaromado<\/title>\n<meta name=\"description\" content=\"Pol\u00edtica de privacidad y protecci\u00f3n de datos de la Web Oficial del Toro Enmaromado de Benavente (Ayuntamiento de Benavente).\" \/>\n<meta name=\"robots\" content=\"noindex, follow\" \/>\n<meta property=\"og:locale\" content=\"en_GB\" \/>\n<meta property=\"og:type\" content=\"article\" \/>\n<meta property=\"og:title\" content=\"Pol\u00edtica de privacidad - Toro enmaromado\" \/>\n<meta property=\"og:description\" content=\"Pol\u00edtica de privacidad y protecci\u00f3n de datos de la Web Oficial del Toro Enmaromado de Benavente (Ayuntamiento de Benavente).\" \/>\n<meta property=\"og:url\" content=\"https:\/\/toroenmaromado.es\/en\/politica-de-privacidad\/\" \/>\n<meta property=\"og:site_name\" content=\"Toro enmaromado\" \/>\n<meta property=\"article:publisher\" content=\"https:\/\/www.facebook.com\/ayuntamientodebenavente\/\" \/>\n<meta property=\"article:modified_time\" content=\"2024-12-12T08:29:50+00:00\" \/>\n<meta name=\"twitter:card\" content=\"summary_large_image\" \/>\n<meta name=\"twitter:site\" content=\"@aytobenavente\" \/>\n<meta name=\"twitter:label1\" content=\"Estimated reading time\" \/>\n\t<meta name=\"twitter:data1\" content=\"5 minutes\" \/>\n<script type=\"application\/ld+json\" class=\"yoast-schema-graph\">{\"@context\":\"https:\\\/\\\/schema.org\",\"@graph\":[{\"@type\":\"WebPage\",\"@id\":\"https:\\\/\\\/toroenmaromado.es\\\/politica-de-privacidad\\\/\",\"url\":\"https:\\\/\\\/toroenmaromado.es\\\/politica-de-privacidad\\\/\",\"name\":\"Pol\u00edtica de privacidad - Toro enmaromado\",\"isPartOf\":{\"@id\":\"https:\\\/\\\/toroenmaromado.es\\\/#website\"},\"datePublished\":\"2022-12-09T12:09:43+00:00\",\"dateModified\":\"2024-12-12T08:29:50+00:00\",\"description\":\"Pol\u00edtica de privacidad y protecci\u00f3n de datos de la Web Oficial del Toro Enmaromado de Benavente (Ayuntamiento de Benavente).\",\"breadcrumb\":{\"@id\":\"https:\\\/\\\/toroenmaromado.es\\\/politica-de-privacidad\\\/#breadcrumb\"},\"inLanguage\":\"en-GB\",\"potentialAction\":[{\"@type\":\"ReadAction\",\"target\":[\"https:\\\/\\\/toroenmaromado.es\\\/politica-de-privacidad\\\/\"]}]},{\"@type\":\"BreadcrumbList\",\"@id\":\"https:\\\/\\\/toroenmaromado.es\\\/politica-de-privacidad\\\/#breadcrumb\",\"itemListElement\":[{\"@type\":\"ListItem\",\"position\":1,\"name\":\"Portada\",\"item\":\"https:\\\/\\\/toroenmaromado.es\\\/\"},{\"@type\":\"ListItem\",\"position\":2,\"name\":\"Pol\u00edtica de privacidad\"}]},{\"@type\":\"WebSite\",\"@id\":\"https:\\\/\\\/toroenmaromado.es\\\/#website\",\"url\":\"https:\\\/\\\/toroenmaromado.es\\\/\",\"name\":\"Toro enmaromado\",\"description\":\"Web Oficial del Toro Enmaromado de Benavente\",\"publisher\":{\"@id\":\"https:\\\/\\\/toroenmaromado.es\\\/#organization\"},\"alternateName\":\"Toro enmaromado de Benavente\",\"potentialAction\":[{\"@type\":\"SearchAction\",\"target\":{\"@type\":\"EntryPoint\",\"urlTemplate\":\"https:\\\/\\\/toroenmaromado.es\\\/?s={search_term_string}\"},\"query-input\":{\"@type\":\"PropertyValueSpecification\",\"valueRequired\":true,\"valueName\":\"search_term_string\"}}],\"inLanguage\":\"en-GB\"},{\"@type\":\"Organization\",\"@id\":\"https:\\\/\\\/toroenmaromado.es\\\/#organization\",\"name\":\"Toro enmaromado\",\"alternateName\":\"Toro enmaromado de Benavente\",\"url\":\"https:\\\/\\\/toroenmaromado.es\\\/\",\"logo\":{\"@type\":\"ImageObject\",\"inLanguage\":\"en-GB\",\"@id\":\"https:\\\/\\\/toroenmaromado.es\\\/#\\\/schema\\\/logo\\\/image\\\/\",\"url\":\"https:\\\/\\\/toroenmaromado.es\\\/wp-content\\\/uploads\\\/2022\\\/12\\\/logoTEB-e1670580660196.png\",\"contentUrl\":\"https:\\\/\\\/toroenmaromado.es\\\/wp-content\\\/uploads\\\/2022\\\/12\\\/logoTEB-e1670580660196.png\",\"width\":197,\"height\":61,\"caption\":\"Toro enmaromado\"},\"image\":{\"@id\":\"https:\\\/\\\/toroenmaromado.es\\\/#\\\/schema\\\/logo\\\/image\\\/\"},\"sameAs\":[\"https:\\\/\\\/www.facebook.com\\\/ayuntamientodebenavente\\\/\",\"https:\\\/\\\/x.com\\\/aytobenavente\",\"https:\\\/\\\/www.instagram.com\\\/ayuntamientodebenavente\\\/\",\"https:\\\/\\\/www.linkedin.com\\\/company\\\/7076620\\\/admin\\\/\",\"https:\\\/\\\/www.youtube.com\\\/@ayuntamientobenavente2316\"]}]}<\/script>\n<!-- \/ Yoast SEO plugin. -->","yoast_head_json":{"title":"Pol\u00edtica de privacidad - Toro enmaromado","description":"Pol\u00edtica de privacidad y protecci\u00f3n de datos de la Web Oficial del Toro Enmaromado de Benavente (Ayuntamiento de Benavente).","robots":{"index":"noindex","follow":"follow"},"og_locale":"en_GB","og_type":"article","og_title":"Pol\u00edtica de privacidad - Toro enmaromado","og_description":"Pol\u00edtica de privacidad y protecci\u00f3n de datos de la Web Oficial del Toro Enmaromado de Benavente (Ayuntamiento de Benavente).","og_url":"https:\/\/toroenmaromado.es\/en\/politica-de-privacidad\/","og_site_name":"Toro enmaromado","article_publisher":"https:\/\/www.facebook.com\/ayuntamientodebenavente\/","article_modified_time":"2024-12-12T08:29:50+00:00","twitter_card":"summary_large_image","twitter_site":"@aytobenavente","twitter_misc":{"Estimated reading time":"5 minutes"},"schema":{"@context":"https:\/\/schema.org","@graph":[{"@type":"WebPage","@id":"https:\/\/toroenmaromado.es\/politica-de-privacidad\/","url":"https:\/\/toroenmaromado.es\/politica-de-privacidad\/","name":"Pol\u00edtica de privacidad - Toro enmaromado","isPartOf":{"@id":"https:\/\/toroenmaromado.es\/#website"},"datePublished":"2022-12-09T12:09:43+00:00","dateModified":"2024-12-12T08:29:50+00:00","description":"Pol\u00edtica de privacidad y protecci\u00f3n de datos de la Web Oficial del Toro Enmaromado de Benavente (Ayuntamiento de Benavente).","breadcrumb":{"@id":"https:\/\/toroenmaromado.es\/politica-de-privacidad\/#breadcrumb"},"inLanguage":"en-GB","potentialAction":[{"@type":"ReadAction","target":["https:\/\/toroenmaromado.es\/politica-de-privacidad\/"]}]},{"@type":"BreadcrumbList","@id":"https:\/\/toroenmaromado.es\/politica-de-privacidad\/#breadcrumb","itemListElement":[{"@type":"ListItem","position":1,"name":"Portada","item":"https:\/\/toroenmaromado.es\/"},{"@type":"ListItem","position":2,"name":"Pol\u00edtica de privacidad"}]},{"@type":"WebSite","@id":"https:\/\/toroenmaromado.es\/#website","url":"https:\/\/toroenmaromado.es\/","name":"Toro enmaromado","description":"Web Oficial del Toro Enmaromado de Benavente","publisher":{"@id":"https:\/\/toroenmaromado.es\/#organization"},"alternateName":"Toro enmaromado de Benavente","potentialAction":[{"@type":"SearchAction","target":{"@type":"EntryPoint","urlTemplate":"https:\/\/toroenmaromado.es\/?s={search_term_string}"},"query-input":{"@type":"PropertyValueSpecification","valueRequired":true,"valueName":"search_term_string"}}],"inLanguage":"en-GB"},{"@type":"Organization","@id":"https:\/\/toroenmaromado.es\/#organization","name":"Toro enmaromado","alternateName":"Toro enmaromado de Benavente","url":"https:\/\/toroenmaromado.es\/","logo":{"@type":"ImageObject","inLanguage":"en-GB","@id":"https:\/\/toroenmaromado.es\/#\/schema\/logo\/image\/","url":"https:\/\/toroenmaromado.es\/wp-content\/uploads\/2022\/12\/logoTEB-e1670580660196.png","contentUrl":"https:\/\/toroenmaromado.es\/wp-content\/uploads\/2022\/12\/logoTEB-e1670580660196.png","width":197,"height":61,"caption":"Toro enmaromado"},"image":{"@id":"https:\/\/toroenmaromado.es\/#\/schema\/logo\/image\/"},"sameAs":["https:\/\/www.facebook.com\/ayuntamientodebenavente\/","https:\/\/x.com\/aytobenavente","https:\/\/www.instagram.com\/ayuntamientodebenavente\/","https:\/\/www.linkedin.com\/company\/7076620\/admin\/","https:\/\/www.youtube.com\/@ayuntamientobenavente2316"]}]}},"_links":{"self":[{"href":"https:\/\/toroenmaromado.es\/en\/wp-json\/wp\/v2\/pages\/460","targetHints":{"allow":["GET"]}}],"collection":[{"href":"https:\/\/toroenmaromado.es\/en\/wp-json\/wp\/v2\/pages"}],"about":[{"href":"https:\/\/toroenmaromado.es\/en\/wp-json\/wp\/v2\/types\/page"}],"author":[{"embeddable":true,"href":"https:\/\/toroenmaromado.es\/en\/wp-json\/wp\/v2\/users\/1"}],"replies":[{"embeddable":true,"href":"https:\/\/toroenmaromado.es\/en\/wp-json\/wp\/v2\/comments?post=460"}],"version-history":[{"count":3,"href":"https:\/\/toroenmaromado.es\/en\/wp-json\/wp\/v2\/pages\/460\/revisions"}],"predecessor-version":[{"id":9385,"href":"https:\/\/toroenmaromado.es\/en\/wp-json\/wp\/v2\/pages\/460\/revisions\/9385"}],"wp:attachment":[{"href":"https:\/\/toroenmaromado.es\/en\/wp-json\/wp\/v2\/media?parent=460"}],"curies":[{"name":"wp","href":"https:\/\/api.w.org\/{rel}","templated":true}]}}