{"id":14,"date":"2022-12-05T09:02:47","date_gmt":"2022-12-05T09:02:47","guid":{"rendered":"https:\/\/toroenmaromado.es\/?page_id=14"},"modified":"2025-04-30T08:54:51","modified_gmt":"2025-04-30T08:54:51","slug":"contacto","status":"publish","type":"page","link":"https:\/\/toroenmaromado.es\/en\/contacto\/","title":{"rendered":"Contact"},"content":{"rendered":"<div data-elementor-type=\"wp-page\" data-elementor-id=\"14\" class=\"elementor elementor-14\" data-elementor-post-type=\"page\">\n\t\t\t\t\t\t<section class=\"elementor-section elementor-top-section elementor-element elementor-element-56ee3c5 elementor-section-full_width elementor-section-height-default elementor-section-height-default\" data-id=\"56ee3c5\" data-element_type=\"section\" data-e-type=\"section\" id=\"cabecera\" data-settings=\"{&quot;background_background&quot;:&quot;classic&quot;,&quot;shape_divider_bottom&quot;:&quot;triangle-asymmetrical&quot;,&quot;shape_divider_bottom_negative&quot;:&quot;yes&quot;}\">\n\t\t\t\t\t\t\t<div class=\"elementor-background-overlay\"><\/div>\n\t\t\t\t\t\t<div class=\"elementor-shape elementor-shape-bottom\" aria-hidden=\"true\" data-negative=\"true\">\n\t\t\t<svg xmlns=\"http:\/\/www.w3.org\/2000\/svg\" viewbox=\"0 0 1000 100\" preserveaspectratio=\"none\">\n\t<path class=\"elementor-shape-fill\" d=\"M737.9,94.7L0,0v100h1000V0L737.9,94.7z\"\/>\n<\/svg>\t\t<\/div>\n\t\t\t\t\t<div class=\"elementor-container elementor-column-gap-default\">\n\t\t\t\t\t<div class=\"elementor-column elementor-col-100 elementor-top-column elementor-element elementor-element-d6219a5\" data-id=\"d6219a5\" data-element_type=\"column\" data-e-type=\"column\">\n\t\t\t<div class=\"elementor-widget-wrap elementor-element-populated\">\n\t\t\t\t\t\t<div class=\"elementor-element elementor-element-63a6b91 elementor-widget elementor-widget-heading\" data-id=\"63a6b91\" data-element_type=\"widget\" data-e-type=\"widget\" data-widget_type=\"heading.default\">\n\t\t\t\t<div class=\"elementor-widget-container\">\n\t\t\t\t\t<h1 class=\"elementor-heading-title elementor-size-default\">Contact us<\/h1>\t\t\t\t<\/div>\n\t\t\t\t<\/div>\n\t\t\t\t\t<\/div>\n\t\t<\/div>\n\t\t\t\t\t<\/div>\n\t\t<\/section>\n\t\t\t\t<section class=\"elementor-section elementor-top-section elementor-element elementor-element-1809662 elementor-section-boxed elementor-section-height-default elementor-section-height-default\" data-id=\"1809662\" data-element_type=\"section\" data-e-type=\"section\" data-settings=\"{&quot;background_background&quot;:&quot;classic&quot;}\">\n\t\t\t\t\t\t<div class=\"elementor-container elementor-column-gap-default\">\n\t\t\t\t\t<div class=\"elementor-column elementor-col-100 elementor-top-column elementor-element elementor-element-ed4dc53\" data-id=\"ed4dc53\" data-element_type=\"column\" data-e-type=\"column\">\n\t\t\t<div class=\"elementor-widget-wrap elementor-element-populated\">\n\t\t\t\t\t\t<div class=\"elementor-element elementor-element-5f0314e1 elementor-widget__width-inherit elementor-widget elementor-widget-heading\" data-id=\"5f0314e1\" data-element_type=\"widget\" data-e-type=\"widget\" data-widget_type=\"heading.default\">\n\t\t\t\t<div class=\"elementor-widget-container\">\n\t\t\t\t\t<h2 class=\"elementor-heading-title elementor-size-xxl\">Contact<\/h2>\t\t\t\t<\/div>\n\t\t\t\t<\/div>\n\t\t\t\t<div class=\"elementor-element elementor-element-1858b0f elementor-widget elementor-widget-text-editor\" data-id=\"1858b0f\" data-element_type=\"widget\" data-e-type=\"widget\" data-widget_type=\"text-editor.default\">\n\t\t\t\t<div class=\"elementor-widget-container\">\n\t\t\t\t\t\t\t\t\t<p>Para m\u00e1s informaci\u00f3n consulta los otros Portales Web Oficiales del Ayuntamiento de Benavente:<\/p><ul><li><strong style=\"font-size: 1rem;\"><a href=\"http:\/\/www.benavente.es\" target=\"_blank\" rel=\"noopener\"><span style=\"color: #000000;\">Ayuntamiento de Benavente<\/span><\/a><\/strong><\/li><li><span style=\"font-size: 1rem; color: #000000;\"><strong><a style=\"color: #000000;\" href=\"http:\/\/www.turismobenavente.es\" target=\"_blank\" rel=\"noopener\">Turismo y Cultura<\/a><\/strong><\/span><span style=\"font-size: 1rem;\"> of Benavente.<\/span><\/li><\/ul><div>\u00a0<\/div><div>O llama y vis\u00edtanos en la Oficina de Informaci\u00f3n Tur\u00edstica:<\/div>\t\t\t\t\t\t\t\t<\/div>\n\t\t\t\t<\/div>\n\t\t\t\t<div class=\"elementor-element elementor-element-de04f9e elementor-align-start elementor-list-item-link-full_width elementor-widget elementor-widget-icon-list\" data-id=\"de04f9e\" data-element_type=\"widget\" data-e-type=\"widget\" data-widget_type=\"icon-list.default\">\n\t\t\t\t<div class=\"elementor-widget-container\">\n\t\t\t\t\t\t\t<ul class=\"elementor-icon-list-items\">\n\t\t\t\t\t\t\t<li class=\"elementor-icon-list-item\">\n\t\t\t\t\t\t\t\t\t\t\t<a href=\"tel:+34980634211\">\n\n\t\t\t\t\t\t\t\t\t\t\t\t<span class=\"elementor-icon-list-icon\">\n\t\t\t\t\t\t\t<i aria-hidden=\"true\" class=\"fas fa-phone-alt\"><\/i>\t\t\t\t\t\t<\/span>\n\t\t\t\t\t\t\t\t\t\t<span class=\"elementor-icon-list-text\">Telf: (+34) 980 63 42 11<\/span>\n\t\t\t\t\t\t\t\t\t\t\t<\/a>\n\t\t\t\t\t\t\t\t\t<\/li>\n\t\t\t\t\t\t<\/ul>\n\t\t\t\t\t\t<\/div>\n\t\t\t\t<\/div>\n\t\t\t\t\t<\/div>\n\t\t<\/div>\n\t\t\t\t\t<\/div>\n\t\t<\/section>\n\t\t\t\t<section class=\"elementor-section elementor-top-section elementor-element elementor-element-e3c037a elementor-section-full_width elementor-section-height-default elementor-section-height-default\" data-id=\"e3c037a\" data-element_type=\"section\" data-e-type=\"section\" data-settings=\"{&quot;background_background&quot;:&quot;classic&quot;}\">\n\t\t\t\t\t\t<div class=\"elementor-container elementor-column-gap-default\">\n\t\t\t\t\t<div class=\"elementor-column elementor-col-100 elementor-top-column elementor-element elementor-element-157b8c2\" data-id=\"157b8c2\" data-element_type=\"column\" data-e-type=\"column\">\n\t\t\t<div class=\"elementor-widget-wrap elementor-element-populated\">\n\t\t\t\t\t\t<div class=\"elementor-element elementor-element-323a3214 elementor-widget elementor-widget-google_maps\" data-id=\"323a3214\" data-element_type=\"widget\" data-e-type=\"widget\" data-widget_type=\"google_maps.default\">\n\t\t\t\t<div class=\"elementor-widget-container\">\n\t\t\t\t\t\t\t<div class=\"elementor-custom-embed\">\n\t\t\t<iframe loading=\"lazy\"\n\t\t\t\t\tsrc=\"https:\/\/maps.google.com\/maps?q=Oficina%20de%20Informaci%C3%B3n%20y%20Turismo%2C%20Benavente&#038;t=m&#038;z=14&#038;output=embed&#038;iwloc=near\"\n\t\t\t\t\ttitle=\"Office of Information and Tourism, Benavente\"\n\t\t\t\t\taria-label=\"Office of Information and Tourism, Benavente\"\n\t\t\t><\/iframe>\n\t\t<\/div>\n\t\t\t\t\t\t<\/div>\n\t\t\t\t<\/div>\n\t\t\t\t\t<\/div>\n\t\t<\/div>\n\t\t\t\t\t<\/div>\n\t\t<\/section>\n\t\t\t\t<\/div>","protected":false},"excerpt":{"rendered":"<p>Contacta con nosotros Contacto Para m\u00e1s informaci\u00f3n consulta los otros Portales Web Oficiales del Ayuntamiento de Benavente: Ayuntamiento de Benavente Turismo y Cultura de Benavente. \u00a0O llama y vis\u00edtanos en la Oficina de Informaci\u00f3n Tur\u00edstica: Telf: (+34) 980 63 42 11<\/p>","protected":false},"author":1,"featured_media":0,"parent":0,"menu_order":0,"comment_status":"closed","ping_status":"closed","template":"","meta":{"om_disable_all_campaigns":false,"_monsterinsights_skip_tracking":false,"_monsterinsights_sitenote_active":false,"_monsterinsights_sitenote_note":"","_monsterinsights_sitenote_category":0,"footnotes":""},"class_list":["post-14","page","type-page","status-publish","hentry"],"yoast_head":"<!-- This site is optimized with the Yoast SEO plugin v27.4 - https:\/\/yoast.com\/product\/yoast-seo-wordpress\/ -->\n<title>Contacto - Toro enmaromado<\/title>\n<meta name=\"description\" content=\"P\u00e1gina de contacto de la Web Oficial del Toro Enmaromado de Benavente del Ayuntamiento de Benavente. \u00a1Contacta con nosotros!\" \/>\n<meta name=\"robots\" content=\"noindex, follow\" \/>\n<meta property=\"og:locale\" content=\"en_GB\" \/>\n<meta property=\"og:type\" content=\"article\" \/>\n<meta property=\"og:title\" content=\"Contacto - Toro enmaromado\" \/>\n<meta property=\"og:description\" content=\"P\u00e1gina de contacto de la Web Oficial del Toro Enmaromado de Benavente del Ayuntamiento de Benavente. \u00a1Contacta con nosotros!\" \/>\n<meta property=\"og:url\" content=\"https:\/\/toroenmaromado.es\/en\/contacto\/\" \/>\n<meta property=\"og:site_name\" content=\"Toro enmaromado\" \/>\n<meta property=\"article:publisher\" content=\"https:\/\/www.facebook.com\/ayuntamientodebenavente\/\" \/>\n<meta property=\"article:modified_time\" content=\"2025-04-30T08:54:51+00:00\" \/>\n<meta name=\"twitter:card\" content=\"summary_large_image\" \/>\n<meta name=\"twitter:site\" content=\"@aytobenavente\" \/>\n<meta name=\"twitter:label1\" content=\"Estimated reading time\" \/>\n\t<meta name=\"twitter:data1\" content=\"1 minute\" \/>\n<script type=\"application\/ld+json\" class=\"yoast-schema-graph\">{\"@context\":\"https:\\\/\\\/schema.org\",\"@graph\":[{\"@type\":\"WebPage\",\"@id\":\"https:\\\/\\\/toroenmaromado.es\\\/contacto\\\/\",\"url\":\"https:\\\/\\\/toroenmaromado.es\\\/contacto\\\/\",\"name\":\"Contacto - Toro enmaromado\",\"isPartOf\":{\"@id\":\"https:\\\/\\\/toroenmaromado.es\\\/#website\"},\"datePublished\":\"2022-12-05T09:02:47+00:00\",\"dateModified\":\"2025-04-30T08:54:51+00:00\",\"description\":\"P\u00e1gina de contacto de la Web Oficial del Toro Enmaromado de Benavente del Ayuntamiento de Benavente. \u00a1Contacta con nosotros!\",\"breadcrumb\":{\"@id\":\"https:\\\/\\\/toroenmaromado.es\\\/contacto\\\/#breadcrumb\"},\"inLanguage\":\"en-GB\",\"potentialAction\":[{\"@type\":\"ReadAction\",\"target\":[\"https:\\\/\\\/toroenmaromado.es\\\/contacto\\\/\"]}]},{\"@type\":\"BreadcrumbList\",\"@id\":\"https:\\\/\\\/toroenmaromado.es\\\/contacto\\\/#breadcrumb\",\"itemListElement\":[{\"@type\":\"ListItem\",\"position\":1,\"name\":\"Portada\",\"item\":\"https:\\\/\\\/toroenmaromado.es\\\/\"},{\"@type\":\"ListItem\",\"position\":2,\"name\":\"Contacto\"}]},{\"@type\":\"WebSite\",\"@id\":\"https:\\\/\\\/toroenmaromado.es\\\/#website\",\"url\":\"https:\\\/\\\/toroenmaromado.es\\\/\",\"name\":\"Toro enmaromado\",\"description\":\"Web Oficial del Toro Enmaromado de Benavente\",\"publisher\":{\"@id\":\"https:\\\/\\\/toroenmaromado.es\\\/#organization\"},\"alternateName\":\"Toro enmaromado de Benavente\",\"potentialAction\":[{\"@type\":\"SearchAction\",\"target\":{\"@type\":\"EntryPoint\",\"urlTemplate\":\"https:\\\/\\\/toroenmaromado.es\\\/?s={search_term_string}\"},\"query-input\":{\"@type\":\"PropertyValueSpecification\",\"valueRequired\":true,\"valueName\":\"search_term_string\"}}],\"inLanguage\":\"en-GB\"},{\"@type\":\"Organization\",\"@id\":\"https:\\\/\\\/toroenmaromado.es\\\/#organization\",\"name\":\"Toro enmaromado\",\"alternateName\":\"Toro enmaromado de Benavente\",\"url\":\"https:\\\/\\\/toroenmaromado.es\\\/\",\"logo\":{\"@type\":\"ImageObject\",\"inLanguage\":\"en-GB\",\"@id\":\"https:\\\/\\\/toroenmaromado.es\\\/#\\\/schema\\\/logo\\\/image\\\/\",\"url\":\"https:\\\/\\\/toroenmaromado.es\\\/wp-content\\\/uploads\\\/2022\\\/12\\\/logoTEB-e1670580660196.png\",\"contentUrl\":\"https:\\\/\\\/toroenmaromado.es\\\/wp-content\\\/uploads\\\/2022\\\/12\\\/logoTEB-e1670580660196.png\",\"width\":197,\"height\":61,\"caption\":\"Toro enmaromado\"},\"image\":{\"@id\":\"https:\\\/\\\/toroenmaromado.es\\\/#\\\/schema\\\/logo\\\/image\\\/\"},\"sameAs\":[\"https:\\\/\\\/www.facebook.com\\\/ayuntamientodebenavente\\\/\",\"https:\\\/\\\/x.com\\\/aytobenavente\",\"https:\\\/\\\/www.instagram.com\\\/ayuntamientodebenavente\\\/\",\"https:\\\/\\\/www.linkedin.com\\\/company\\\/7076620\\\/admin\\\/\",\"https:\\\/\\\/www.youtube.com\\\/@ayuntamientobenavente2316\"]}]}<\/script>\n<!-- \/ Yoast SEO plugin. -->","yoast_head_json":{"title":"Contacto - Toro enmaromado","description":"P\u00e1gina de contacto de la Web Oficial del Toro Enmaromado de Benavente del Ayuntamiento de Benavente. \u00a1Contacta con nosotros!","robots":{"index":"noindex","follow":"follow"},"og_locale":"en_GB","og_type":"article","og_title":"Contacto - Toro enmaromado","og_description":"P\u00e1gina de contacto de la Web Oficial del Toro Enmaromado de Benavente del Ayuntamiento de Benavente. \u00a1Contacta con nosotros!","og_url":"https:\/\/toroenmaromado.es\/en\/contacto\/","og_site_name":"Toro enmaromado","article_publisher":"https:\/\/www.facebook.com\/ayuntamientodebenavente\/","article_modified_time":"2025-04-30T08:54:51+00:00","twitter_card":"summary_large_image","twitter_site":"@aytobenavente","twitter_misc":{"Estimated reading time":"1 minute"},"schema":{"@context":"https:\/\/schema.org","@graph":[{"@type":"WebPage","@id":"https:\/\/toroenmaromado.es\/contacto\/","url":"https:\/\/toroenmaromado.es\/contacto\/","name":"Contacto - Toro enmaromado","isPartOf":{"@id":"https:\/\/toroenmaromado.es\/#website"},"datePublished":"2022-12-05T09:02:47+00:00","dateModified":"2025-04-30T08:54:51+00:00","description":"P\u00e1gina de contacto de la Web Oficial del Toro Enmaromado de Benavente del Ayuntamiento de Benavente. \u00a1Contacta con nosotros!","breadcrumb":{"@id":"https:\/\/toroenmaromado.es\/contacto\/#breadcrumb"},"inLanguage":"en-GB","potentialAction":[{"@type":"ReadAction","target":["https:\/\/toroenmaromado.es\/contacto\/"]}]},{"@type":"BreadcrumbList","@id":"https:\/\/toroenmaromado.es\/contacto\/#breadcrumb","itemListElement":[{"@type":"ListItem","position":1,"name":"Portada","item":"https:\/\/toroenmaromado.es\/"},{"@type":"ListItem","position":2,"name":"Contacto"}]},{"@type":"WebSite","@id":"https:\/\/toroenmaromado.es\/#website","url":"https:\/\/toroenmaromado.es\/","name":"Toro enmaromado","description":"Web Oficial del Toro Enmaromado de Benavente","publisher":{"@id":"https:\/\/toroenmaromado.es\/#organization"},"alternateName":"Toro enmaromado de Benavente","potentialAction":[{"@type":"SearchAction","target":{"@type":"EntryPoint","urlTemplate":"https:\/\/toroenmaromado.es\/?s={search_term_string}"},"query-input":{"@type":"PropertyValueSpecification","valueRequired":true,"valueName":"search_term_string"}}],"inLanguage":"en-GB"},{"@type":"Organization","@id":"https:\/\/toroenmaromado.es\/#organization","name":"Toro enmaromado","alternateName":"Toro enmaromado de Benavente","url":"https:\/\/toroenmaromado.es\/","logo":{"@type":"ImageObject","inLanguage":"en-GB","@id":"https:\/\/toroenmaromado.es\/#\/schema\/logo\/image\/","url":"https:\/\/toroenmaromado.es\/wp-content\/uploads\/2022\/12\/logoTEB-e1670580660196.png","contentUrl":"https:\/\/toroenmaromado.es\/wp-content\/uploads\/2022\/12\/logoTEB-e1670580660196.png","width":197,"height":61,"caption":"Toro enmaromado"},"image":{"@id":"https:\/\/toroenmaromado.es\/#\/schema\/logo\/image\/"},"sameAs":["https:\/\/www.facebook.com\/ayuntamientodebenavente\/","https:\/\/x.com\/aytobenavente","https:\/\/www.instagram.com\/ayuntamientodebenavente\/","https:\/\/www.linkedin.com\/company\/7076620\/admin\/","https:\/\/www.youtube.com\/@ayuntamientobenavente2316"]}]}},"_links":{"self":[{"href":"https:\/\/toroenmaromado.es\/en\/wp-json\/wp\/v2\/pages\/14","targetHints":{"allow":["GET"]}}],"collection":[{"href":"https:\/\/toroenmaromado.es\/en\/wp-json\/wp\/v2\/pages"}],"about":[{"href":"https:\/\/toroenmaromado.es\/en\/wp-json\/wp\/v2\/types\/page"}],"author":[{"embeddable":true,"href":"https:\/\/toroenmaromado.es\/en\/wp-json\/wp\/v2\/users\/1"}],"replies":[{"embeddable":true,"href":"https:\/\/toroenmaromado.es\/en\/wp-json\/wp\/v2\/comments?post=14"}],"version-history":[{"count":3,"href":"https:\/\/toroenmaromado.es\/en\/wp-json\/wp\/v2\/pages\/14\/revisions"}],"predecessor-version":[{"id":9418,"href":"https:\/\/toroenmaromado.es\/en\/wp-json\/wp\/v2\/pages\/14\/revisions\/9418"}],"wp:attachment":[{"href":"https:\/\/toroenmaromado.es\/en\/wp-json\/wp\/v2\/media?parent=14"}],"curies":[{"name":"wp","href":"https:\/\/api.w.org\/{rel}","templated":true}]}}